{"id":3393,"date":"2021-07-09T13:11:00","date_gmt":"2021-07-09T11:11:00","guid":{"rendered":"https:\/\/bifelab.com\/privacy-policy\/"},"modified":"2021-07-09T13:11:00","modified_gmt":"2021-07-09T11:11:00","slug":"privacy-policy","status":"publish","type":"page","link":"https:\/\/bifelab.com\/en\/privacy-policy\/","title":{"rendered":"Privacy Policy"},"content":{"rendered":"<p>La informiamo che i Suoi dati personali sono trattati al solo fine di realizzare lo studio sul Servizio di Rating Ponderato, nel rispetto delle<br \/>\ndisposizioni del Regolamento Europeo 679\/2016 (GDPR) e del D.Lgs. 196\/2003 (Codice privacy).<\/p>\n<ol>\n<li style=\"text-align: justify;\">\n<h4>Natura dei dati trattati, finalit\u00e0 e basi giuridiche del trattamento, tempi di conservazione<\/h4>\n<p>Al fine di realizzare lo studio e di gestire eventuali Sue comunicazioni tratteremo i seguenti dati personali: nome, cognome, indirizzo<br \/>\nemail, banca presso cui \u00e8 impiegato. Se decider\u00e0 di compilare il questionario online, saranno inoltre trattati i dati personali (indirizzo IP,<br \/>\ncookies tecnici) indispensabili a garantire la funzionalit\u00e0 del sito web tramite il quale il questionario viene messo a disposizione del<br \/>\npubblico.\u00a0Tali dati sono raccolti e trattati esclusivamente per realizzare lo studio sul Servizio di Rating Ponderato, e saranno cancellati al termine<br \/>\ndello stesso (anche prima del termine su Sua richiesta o qualora decidesse di non partecipare).<br \/>\nLa base giuridica del trattamento \u00e8 il Suo consenso, che le chiediamo di esprimere sottoscrivendo l&#8217;apposita sezione posta al termine del questionario online.<br \/>\nI Suoi dati non saranno in nessun caso utilizzati per finalit\u00e0 diverse da quelle sopra individuate, e non saranno diffusi a soggetti terzi.<\/li>\n<li>\n<h4>Modalit\u00e0 di trattamento dei dati<\/h4>\n<p>I Suoi dati personali sono trattati sia in modalit\u00e0 analogica sia tramite l\u2019ausilio di strumenti elettronici, in modo lecito e secondo<br \/>\ncorrettezza per l\u2019espletamento delle finalit\u00e0 indicate al paragrafo precedente, e sono protetti con idonee misure di sicurezza che ne<br \/>\ngarantiscono la riservatezza, l\u2019integrit\u00e0, l\u2019esattezza, la disponibilit\u00e0 e l\u2019aggiornamento.<\/li>\n<li>\n<h4>Diritti dell\u2019interessato<\/h4>\n<p>La informiamo che, in relazione al trattamento dei Suoi dati, pu\u00f2 esercitare i diritti di cui agli artt. 12-20 del Regolamento Europeo<br \/>\n670\/2016 (diritti di informazione, di accesso ai dati, di rettifica, di cancellazione dei dati, di limitazione del trattamento, di portabilit\u00e0 dei<br \/>\ndati, di opposizione al trattamento, di revoca del consenso di non essere sottoposto a decisioni basate unicamente sul trattamento<br \/>\nautomatizzato).<br \/>\nPer chiedere informazioni, esercitare i Suoi diritti o chiedere in qualsiasi momento la cancellazione dei Suoi dati pu\u00f2 rivolgersi al<br \/>\nseguente recapito: privacy@bifelab.com<br \/>\nOve ritenga lesi i Suoi diritti, pu\u00f2 proporre reclamo innanzi al Garante per la protezione dei dati personali.<\/li>\n<li>\n<h4>Origine dei dati personali<\/h4>\n<p>I dati personali oggetto di trattamento che non siano stati conferiti direttamente dall\u2019interessato sono stati reperiti presso siti web pubblici<br \/>\n(Linkedin, siti istituzionali di istituti di credito, altre pagine web pubblicamente accessibili).<\/li>\n<li>\n<h4>Titolari del trattamento e soggetti che effettuano il trattamento<\/h4>\n<p>Titolare del trattamento \u00e8 l&amp;#39;Universit\u00e0 degli Studi di Cassino e del Lazio Meridionale, con sede in Viale dell&amp;#39;Universit\u00e0, Loc. Folcara &#8211;<br \/>\n03043 Cassino (FR), contatti: privacy@bifelab.com.<br \/>\nContitolare del trattamento \u00e8 Phedro Impresa S.r.l. \u2013 partner di BifeLab per la realizzazione dello studio \u2013 con sede legale in Via<br \/>\nMarconi, 22 \u2013 24060 Castelli Calepio (BG), contatti: info@phedroimpresa.it.<br \/>\nIl trattamento dei dati personali sar\u00e0 effettuato da soggetti appositamente autorizzati dai contitolari e tenuti alla riservatezza.<\/li>\n<\/ol>\n","protected":false},"excerpt":{"rendered":"<p>La informiamo che i Suoi dati personali sono trattati al solo fine di realizzare lo studio sul Servizio di Rating Ponderato, nel rispetto delle disposizioni del Regolamento Europeo 679\/2016 (GDPR) e del D.Lgs. 196\/2003 (Codice [&hellip;]<\/p>\n","protected":false},"author":1,"featured_media":0,"parent":0,"menu_order":0,"comment_status":"closed","ping_status":"closed","template":"","meta":{"footnotes":""},"yoast_head":"<!-- This site is optimized with the Yoast SEO plugin v22.5 - https:\/\/yoast.com\/wordpress\/plugins\/seo\/ -->\n<title>Privacy Policy - BifeLab<\/title>\n<meta name=\"robots\" content=\"index, follow, max-snippet:-1, max-image-preview:large, max-video-preview:-1\" \/>\n<link rel=\"canonical\" href=\"https:\/\/bifelab.com\/en\/privacy-policy\/\" \/>\n<meta property=\"og:locale\" content=\"en_US\" \/>\n<meta property=\"og:type\" content=\"article\" \/>\n<meta property=\"og:title\" content=\"Privacy Policy - BifeLab\" \/>\n<meta property=\"og:description\" content=\"La informiamo che i Suoi dati personali sono trattati al solo fine di realizzare lo studio sul Servizio di Rating Ponderato, nel rispetto delle disposizioni del Regolamento Europeo 679\/2016 (GDPR) e del D.Lgs. 196\/2003 (Codice [&hellip;]\" \/>\n<meta property=\"og:url\" content=\"https:\/\/bifelab.com\/en\/privacy-policy\/\" \/>\n<meta property=\"og:site_name\" content=\"BifeLab\" \/>\n<meta name=\"twitter:card\" content=\"summary_large_image\" \/>\n<meta name=\"twitter:label1\" content=\"Est. reading time\" \/>\n\t<meta name=\"twitter:data1\" content=\"2 minutes\" \/>\n<script type=\"application\/ld+json\" class=\"yoast-schema-graph\">{\"@context\":\"https:\/\/schema.org\",\"@graph\":[{\"@type\":\"WebPage\",\"@id\":\"https:\/\/bifelab.com\/en\/privacy-policy\/\",\"url\":\"https:\/\/bifelab.com\/en\/privacy-policy\/\",\"name\":\"Privacy Policy - BifeLab\",\"isPartOf\":{\"@id\":\"https:\/\/bifelab.com\/en\/#website\"},\"datePublished\":\"2021-07-09T11:11:00+00:00\",\"dateModified\":\"2021-07-09T11:11:00+00:00\",\"breadcrumb\":{\"@id\":\"https:\/\/bifelab.com\/en\/privacy-policy\/#breadcrumb\"},\"inLanguage\":\"en-US\",\"potentialAction\":[{\"@type\":\"ReadAction\",\"target\":[\"https:\/\/bifelab.com\/en\/privacy-policy\/\"]}]},{\"@type\":\"BreadcrumbList\",\"@id\":\"https:\/\/bifelab.com\/en\/privacy-policy\/#breadcrumb\",\"itemListElement\":[{\"@type\":\"ListItem\",\"position\":1,\"name\":\"Home\",\"item\":\"https:\/\/bifelab.com\/en\/\"},{\"@type\":\"ListItem\",\"position\":2,\"name\":\"Privacy Policy\"}]},{\"@type\":\"WebSite\",\"@id\":\"https:\/\/bifelab.com\/en\/#website\",\"url\":\"https:\/\/bifelab.com\/en\/\",\"name\":\"BifeLab\",\"description\":\"Laboratorio Banca Impresa Finanza Etica\",\"publisher\":{\"@id\":\"https:\/\/bifelab.com\/en\/#organization\"},\"potentialAction\":[{\"@type\":\"SearchAction\",\"target\":{\"@type\":\"EntryPoint\",\"urlTemplate\":\"https:\/\/bifelab.com\/en\/?s={search_term_string}\"},\"query-input\":\"required name=search_term_string\"}],\"inLanguage\":\"en-US\"},{\"@type\":\"Organization\",\"@id\":\"https:\/\/bifelab.com\/en\/#organization\",\"name\":\"BifeLab\",\"url\":\"https:\/\/bifelab.com\/en\/\",\"logo\":{\"@type\":\"ImageObject\",\"inLanguage\":\"en-US\",\"@id\":\"https:\/\/bifelab.com\/en\/#\/schema\/logo\/image\/\",\"url\":\"https:\/\/bifelab.com\/wp-content\/uploads\/2018\/07\/Bifelab-tag-2-e1530780748927.png\",\"contentUrl\":\"https:\/\/bifelab.com\/wp-content\/uploads\/2018\/07\/Bifelab-tag-2-e1530780748927.png\",\"width\":1121,\"height\":646,\"caption\":\"BifeLab\"},\"image\":{\"@id\":\"https:\/\/bifelab.com\/en\/#\/schema\/logo\/image\/\"}}]}<\/script>\n<!-- \/ Yoast SEO plugin. -->","yoast_head_json":{"title":"Privacy Policy - BifeLab","robots":{"index":"index","follow":"follow","max-snippet":"max-snippet:-1","max-image-preview":"max-image-preview:large","max-video-preview":"max-video-preview:-1"},"canonical":"https:\/\/bifelab.com\/en\/privacy-policy\/","og_locale":"en_US","og_type":"article","og_title":"Privacy Policy - BifeLab","og_description":"La informiamo che i Suoi dati personali sono trattati al solo fine di realizzare lo studio sul Servizio di Rating Ponderato, nel rispetto delle disposizioni del Regolamento Europeo 679\/2016 (GDPR) e del D.Lgs. 196\/2003 (Codice [&hellip;]","og_url":"https:\/\/bifelab.com\/en\/privacy-policy\/","og_site_name":"BifeLab","twitter_card":"summary_large_image","twitter_misc":{"Est. reading time":"2 minutes"},"schema":{"@context":"https:\/\/schema.org","@graph":[{"@type":"WebPage","@id":"https:\/\/bifelab.com\/en\/privacy-policy\/","url":"https:\/\/bifelab.com\/en\/privacy-policy\/","name":"Privacy Policy - BifeLab","isPartOf":{"@id":"https:\/\/bifelab.com\/en\/#website"},"datePublished":"2021-07-09T11:11:00+00:00","dateModified":"2021-07-09T11:11:00+00:00","breadcrumb":{"@id":"https:\/\/bifelab.com\/en\/privacy-policy\/#breadcrumb"},"inLanguage":"en-US","potentialAction":[{"@type":"ReadAction","target":["https:\/\/bifelab.com\/en\/privacy-policy\/"]}]},{"@type":"BreadcrumbList","@id":"https:\/\/bifelab.com\/en\/privacy-policy\/#breadcrumb","itemListElement":[{"@type":"ListItem","position":1,"name":"Home","item":"https:\/\/bifelab.com\/en\/"},{"@type":"ListItem","position":2,"name":"Privacy Policy"}]},{"@type":"WebSite","@id":"https:\/\/bifelab.com\/en\/#website","url":"https:\/\/bifelab.com\/en\/","name":"BifeLab","description":"Laboratorio Banca Impresa Finanza Etica","publisher":{"@id":"https:\/\/bifelab.com\/en\/#organization"},"potentialAction":[{"@type":"SearchAction","target":{"@type":"EntryPoint","urlTemplate":"https:\/\/bifelab.com\/en\/?s={search_term_string}"},"query-input":"required name=search_term_string"}],"inLanguage":"en-US"},{"@type":"Organization","@id":"https:\/\/bifelab.com\/en\/#organization","name":"BifeLab","url":"https:\/\/bifelab.com\/en\/","logo":{"@type":"ImageObject","inLanguage":"en-US","@id":"https:\/\/bifelab.com\/en\/#\/schema\/logo\/image\/","url":"https:\/\/bifelab.com\/wp-content\/uploads\/2018\/07\/Bifelab-tag-2-e1530780748927.png","contentUrl":"https:\/\/bifelab.com\/wp-content\/uploads\/2018\/07\/Bifelab-tag-2-e1530780748927.png","width":1121,"height":646,"caption":"BifeLab"},"image":{"@id":"https:\/\/bifelab.com\/en\/#\/schema\/logo\/image\/"}}]}},"_links":{"self":[{"href":"https:\/\/bifelab.com\/en\/wp-json\/wp\/v2\/pages\/3393"}],"collection":[{"href":"https:\/\/bifelab.com\/en\/wp-json\/wp\/v2\/pages"}],"about":[{"href":"https:\/\/bifelab.com\/en\/wp-json\/wp\/v2\/types\/page"}],"author":[{"embeddable":true,"href":"https:\/\/bifelab.com\/en\/wp-json\/wp\/v2\/users\/1"}],"replies":[{"embeddable":true,"href":"https:\/\/bifelab.com\/en\/wp-json\/wp\/v2\/comments?post=3393"}],"version-history":[{"count":0,"href":"https:\/\/bifelab.com\/en\/wp-json\/wp\/v2\/pages\/3393\/revisions"}],"wp:attachment":[{"href":"https:\/\/bifelab.com\/en\/wp-json\/wp\/v2\/media?parent=3393"}],"curies":[{"name":"wp","href":"https:\/\/api.w.org\/{rel}","templated":true}]}}